{"id":10110,"date":"2018-02-12T12:06:58","date_gmt":"2018-02-12T11:06:58","guid":{"rendered":"https:\/\/www.zenk.com\/?page_id=10110"},"modified":"2025-11-27T16:13:18","modified_gmt":"2025-11-27T15:13:18","slug":"impressum","status":"publish","type":"page","link":"https:\/\/www.zenk.com\/en\/impressum\/","title":{"rendered":"Impressum"},"content":{"rendered":"<div class=\"wpb-content-wrapper\"><p>[vc_row][vc_column css=&#8221;.vc_custom_1413981247733{padding-right: 15% !important;padding-left: 15% !important;}&#8221;]<div class=\"grve-element grve-slogan grve-align-left\" style=\"\"><h1 class=\"grve-slogan-title grve-align-left grve-title-no-line\"><span>Impressum<\/span><\/h1>  <p class=\"\"><\/p><\/div>[vc_column_text css=&#8221;&#8221;]<strong><a href=\"https:\/\/www.zenk.com\/en\/privacy-policy\/\">LINK ZUR DATENSCHUTZERKL\u00c4RUNG<\/a><\/strong><\/p>\n<p><strong>ZENK Rechtsanw\u00e4lte Partnerschaft mbB<\/strong><\/p>\n<p>Die Partnerschaft ist eingetragen im Partnerschaftsregister des Amtsgerichts Charlottenburg unter PR 972 B, Sitz der Gesellschaft ist Berlin. Die Gesellschaft wird vertreten durch die Partner der Partnerschaftsgesellschaft. F\u00fcr die Bearbeitung der Mandate, gerichtlich und au\u00dfergerichtlich, ist jeder Anwalt einzeln vertretungsberechtigt.<\/p>\n<p>Partner bei ZENK Rechtsanw\u00e4lte i. S. d. Partnerschaftsgesetzes sind die folgenden Personen:<\/p>\n<p>Martin Gogrewe, Alexander Baden, Jan Dietze, Dr. Carsten P. Oelrichs, Anja Teiwes, Dr. Henrik Nacke, Dr. Wolfgang Hopp, Dr. Michael Hackert, Stb., Dr. Stefanie Hartwig, Sonja Schulz, LL. M., Dipl.-Ing. (FH) Florian Werner, Victoria-Luise Vollstedt, Dr. Christian Freudenberg, Dr. Peer Feldhahn, Dr. Constantin Fahl, Dr. Lisa Feuerhake, Carolin J. Kl\u00fcpfel, Janine Sch\u00f6ne, LL.M. Dr. Oliver Nowoczyn, Dr. Martin D\u00fcwel, Dr. Markus Kelber, Dr. Rolf Zei\u00dfig, Jan Birkefeld LL.M., Dr. Kostja von Keitz, Mediator, Dr. Markus Pander, Dr. Stephan Sch\u00e4fer, Anne Vogel, LL. M., Irene Schmid, LL.M. (Cambridge), Claudia Gehricke<\/p>\n<p><strong>B\u00fcro Hamburg<\/strong><br \/>\nNeuer Wall 25 \/ Schleusenbr\u00fccke 1 | 20354 Hamburg<br \/>\nTelefon: +49 40 22664-0 | Telefax: +49 40 2201805<br \/>\nE-Mail: <a class=\"mail\" title=\"\u00d6ffnet ein Fenster zum Versenden der E-Mail\" href=\"mailto:hamburg@zenk.com\">hamburg(at)zenk.com<\/a><\/p>\n<p><strong>B\u00fcro Berlin<\/strong><br \/>\nReinhardtstra\u00dfe 29 | 10117 Berlin<br \/>\nTelefon: +49 30 247574-0 | Telefax: +49 30 2424555<br \/>\nE-Mail: <a class=\"mail\" title=\"\u00d6ffnet ein Fenster zum Versenden der E-Mail\" href=\"mailto:berlin@zenk.com\">berlin(at)zenk.com<br \/>\n<\/a><\/p>\n<p><strong>Umsatzsteueridentifikations-Nr: DE 118726872<\/strong><\/p>\n<p>Die Rechtsanw\u00e4lte und Steuerberater der Kanzlei sind nach dem Recht der Bundesrepublik Deutschland zugelassen.<\/p>\n<p><strong>Zust\u00e4ndige Kammern \/ Aufsichtsbeh\u00f6rden:<\/strong><\/p>\n<p>Hanseatische Rechtsanwaltskammer Hamburg<br \/>\nValentinskamp 88 | D-20355 Hamburg<\/p>\n<p>Rechtsanwaltskammer Berlin<br \/>\nLittenstra\u00dfe 9 | 10179 Berlin<\/p>\n<p>Steuerberaterkammer Hamburg<br \/>\nRaboisen 32 | 20095 Hamburg<\/p>\n<p>Notarkammer Berlin<br \/>\nLittenstra\u00dfe 10 | 10179 Berlin<\/p>\n<p><strong>Zust\u00e4ndige Aufsichtsbeh\u00f6rden f\u00fcr die Notare Dr. Oliver Nowoczyn, Anne Vogel, LL.M. und Irene Schmid, LL.M. (Cambridge) mit dem Amtssitz in Berlin:<\/strong><\/p>\n<p>Die Senatsverwaltung\u00a0f\u00fcr Justiz und Verbraucherschutz<br \/>\nSalzburger Stra\u00dfe 21-25 | 10825 Berlin<\/p>\n<p>Der Pr\u00e4sident des Kammergerichts<br \/>\nEl\u00dfholzstra\u00dfe 30-33\u00a0|\u00a010781 Berlin<\/p>\n<p>Die\/Der Pr\u00e4sident\/in des Landgerichts Berlin II \u2013 Landgericht f\u00fcr Zivilsachen<br \/>\nLittenstra\u00dfe 9 |\u00a010179 Berlin<\/p>\n<p>Die Notarkammer Berlin<br \/>\nLittenstra\u00dfe 9 |\u00a010179 Berlin<\/p>\n<p><strong>Berufshaftpflichtversicherung und r\u00e4umlicher Geltungsbereich<\/strong><\/p>\n<p><span style=\"font-weight: bold;\">Liberty Mutual Insurance Europe Ltd.<\/span><br \/>\nK\u00f6InTurm<br \/>\nlm Mediapark 8 | 50670 K\u00f6ln<\/p>\n<p>Geltungsbereich Europa<\/p>\n<p><strong>Streitschlichtung <\/strong>durch die Schlichtungsstellen bei den Rechtsanwaltskammern Hamburg und Berlin und bei der Bundesrechtsanwaltskammer<br \/>\nLittenstra\u00dfe 9 | 10179 Berlin<br \/>\nN\u00e4here Informationen bei ZENK Rechtsanw\u00e4lte oder bei der jeweiligen Kammer<\/p>\n<p><span style=\"font-weight: bold;\">Information nach dem Verbraucherstreitbeilegungsgesetz:<\/span> Es besteht keine Verpflichtung und keine Bereitschaft zur Teilnahme an einem Streitbeilegungsverfahren vor einer Verbraucherschlichtungsstelle.<\/p>\n<p>Die ma\u00dfgeblichen <strong>berufsrechtlichen Regelungen f\u00fcr Rechtsanw\u00e4lte<\/strong> in der Bundesrepublik Deutschland sind neben der Bundesrechtsanwaltsordnung (BRAO) die Berufsordnung (BORA), die Fachanwaltsordnung (FAO) und die Berufsregeln der Rechtsanw\u00e4lte der Europ\u00e4ischen Union (CCBE).<\/p>\n<p>Die berufsrechtlichen Regeln k\u00f6nnen \u00fcber die Homepage der Bundesrechtsanwaltskammer (<a class=\"external-link-new-window\" title=\"\u00d6ffnet externen Link in neuem Fenster\" href=\"http:\/\/www.brak.de\/\" data-htmlarea-external=\"1\">www.brak.de<\/a>) in der Rubrik \u201eBerufsrecht\u201c eingesehen und abgerufen werden. Alternativ k\u00f6nnen Sie die Regelungen auch gern bei uns anfordern.<\/p>\n<p>Die ma\u00dfgeblichen <strong>berufsrechtlichen Regelungen f\u00fcr Steuerberater<\/strong> in der Bundesrepublik Deutschland sind das Steuerberatungsgesetz (StBerG), die Durchf\u00fchrungsverordnung (DVStB), die Steuerberatergeb\u00fchrenverordnung (StBGebV), die Berufsordnung der Bundessteuerberaterkammer sowie die Fachberaterordnung.<\/p>\n<p>Die berufsrechtlichen Regeln k\u00f6nnen \u00fcber die Homepage der Bundessteuerberaterkammer (<a class=\"external-link-new-window\" title=\"\u00d6ffnet externen Link in neuem Fenster\" href=\"http:\/\/www.bstbk.de\/\" data-htmlarea-external=\"1\">www.bstbk.de<\/a>) in der Rubrik \u201eBerufsrecht\u201c eingesehen und abgerufen werden. Alternativ k\u00f6nnen Sie die Regelungen auch gern bei uns anfordern.<\/p>\n<p>Die ma\u00dfgeblichen<strong> berufsrechtlichen Regelungen f\u00fcr Notare<\/strong> in der Bundesrepublik Deutschland sind die Allgemeine Verf\u00fcgung \u00fcber Angelegenheiten der Notare (AVNot), das Beurkundungsgesetz (BeurkG), die Bundesnotarordnung (BNotO), die Dienstordnung f\u00fcr Notarinnen und Notare (DONot), die Verordnung \u00fcber die F\u00fchrung notarieller Akten und Verzeichnisse (NotAktVV) sowie der Europ\u00e4ische Kodex des europ\u00e4ischen Standesrechts.<\/p>\n<p>Die berufsrechtlichen Regeln k\u00f6nnen \u00fcber die Homepage der Notarkammer Berlin (<a class=\"external-link-new-window\" title=\"\u00d6ffnet externen Link in neuem Fenster\" href=\"http:\/\/www.berliner-notarkammer.de\/berufsrecht.html\" data-htmlarea-external=\"1\">www.berliner-notarkammer.de<\/a>) in der Rubrik \u201eBerufsrecht\u201c eingesehen und abgerufen werden. Alternativ k\u00f6nnen Sie die Regelungen auch gern bei uns anfordern.<\/p>\n<p>Die Webseite, ihre Programmierung, Inhalte, Gestaltung und Struktur unterliegen Schutzrechten.<\/p>\n<p><strong>Fotocredits<br \/>\n<\/strong><\/p>\n<p>Slider: Coronavirus\u00a0COVID-19 (Centers for Disease Control and Prevention (CDC), Atlanta, USA)<br \/>\nunsplash.com<br \/>\nstock.adobe.com<br \/>\nistockphoto.com\/getty images<\/p>\n<p>Inhalte d\u00fcrfen weder ver\u00e4ndert noch beseitigt werden. Eine Vervielf\u00e4ltigung, Verbreitung, Bereithaltung zum Abruf oder Online-Zug\u00e4nglichmachung (\u00dcbernahme in andere Webseite) unserer Webseiten, des Layouts der Webseiten, ihrer Inhalte (Texte, Bilder, Programme) ganz oder teilweise, in ver\u00e4nderter oder unver\u00e4nderter Form ist nur nach vorheriger schriftlicher Zustimmung zul\u00e4ssig.<\/p>\n<p>ZENK Rechtsanw\u00e4lte ist nicht verantwortlich f\u00fcr die Inhalte externer Internetseiten und macht sich solche Inhalte nicht zu eigen.<\/p>\n<p>Die bereitgestellten Informationen auf dieser Webseite wurden gepr\u00fcft und werden regelm\u00e4\u00dfig aktualisiert. Jedoch kann keine Garantie daf\u00fcr \u00fcbernommen werden, dass alle Angaben zu jeder Zeit vollst\u00e4ndig, richtig und in letzter Aktualit\u00e4t dargestellt sind. Dies gilt insbesondere f\u00fcr alle Verbindungen (&#8220;Links&#8221;) zu anderen Webseiten, auf die direkt oder indirekt verwiesen wird. Alle Angaben k\u00f6nnen ohne vorherige Ank\u00fcndigung ge\u00e4ndert, entfernt oder erg\u00e4nzt werden.<\/p>\n<p><strong>Social Media<br \/>\n<\/strong>Dieses Impressum gilt auch f\u00fcr die beiden Social Media Unternehmensprofile von ZENK Rechtsanw\u00e4lte Partnerschaft mbB und der dort gef\u00fchrten Partner\/innen und Mitarbeiter\/innen bei<\/p>\n<p><strong>Linked In<\/strong> https:\/\/www.linkedin.com\/company\/zenk-rechtsanw-lte\/<br \/>\n<strong>XING<\/strong> https:\/\/www.xing.com\/pages\/zenkrechtsanwalte[\/vc_column_text][\/vc_column][\/vc_row]<\/p>\n<\/div>","protected":false},"excerpt":{"rendered":"<p>[vc_row][vc_column css=&#8221;.vc_custom_1413981247733{padding-right: 15% !important;padding-left: 15% !important;}&#8221;][vc_column_text css=&#8221;&#8221;]LINK ZUR DATENSCHUTZERKL\u00c4RUNG ZENK Rechtsanw\u00e4lte Partnerschaft mbB Die Partnerschaft ist eingetragen im Partnerschaftsregister des Amtsgerichts Charlottenburg unter PR 972 B, Sitz der Gesellschaft ist Berlin. Die Gesellschaft wird vertreten durch die Partner der Partnerschaftsgesellschaft. F\u00fcr die Bearbeitung der Mandate, gerichtlich und au\u00dfergerichtlich, ist jeder Anwalt einzeln vertretungsberechtigt. Partner bei [&hellip;]<\/p>\n","protected":false},"author":3,"featured_media":0,"parent":0,"menu_order":0,"comment_status":"open","ping_status":"open","template":"","meta":{"footnotes":""},"class_list":["post-10110","page","type-page","status-publish","hentry"],"yoast_head":"<!-- This site is optimized with the Yoast SEO plugin v27.5 - https:\/\/yoast.com\/product\/yoast-seo-wordpress\/ -->\n<title>Impressum - ZENK Rechtsanw\u00e4lte Partnerschaft mbB<\/title>\n<meta name=\"robots\" content=\"index, follow, max-snippet:-1, max-image-preview:large, max-video-preview:-1\" \/>\n<link rel=\"canonical\" href=\"https:\/\/www.zenk.com\/en\/impressum\/\" \/>\n<meta property=\"og:locale\" content=\"en_US\" \/>\n<meta property=\"og:type\" content=\"article\" \/>\n<meta property=\"og:title\" content=\"Impressum - ZENK Rechtsanw\u00e4lte Partnerschaft mbB\" \/>\n<meta property=\"og:description\" content=\"[vc_row][vc_column css=&#8221;.vc_custom_1413981247733{padding-right: 15% !important;padding-left: 15% !important;}&#8221;][vc_column_text css=&#8221;&#8221;]LINK ZUR DATENSCHUTZERKL\u00c4RUNG ZENK Rechtsanw\u00e4lte Partnerschaft mbB Die Partnerschaft ist eingetragen im Partnerschaftsregister des Amtsgerichts Charlottenburg unter PR 972 B, Sitz der Gesellschaft ist Berlin. Die Gesellschaft wird vertreten durch die Partner der Partnerschaftsgesellschaft. F\u00fcr die Bearbeitung der Mandate, gerichtlich und au\u00dfergerichtlich, ist jeder Anwalt einzeln vertretungsberechtigt. Partner bei [&hellip;]\" \/>\n<meta property=\"og:url\" content=\"https:\/\/www.zenk.com\/en\/impressum\/\" \/>\n<meta property=\"og:site_name\" content=\"ZENK Rechtsanw\u00e4lte Partnerschaft mbB\" \/>\n<meta property=\"article:modified_time\" content=\"2025-11-27T15:13:18+00:00\" \/>\n<meta name=\"twitter:card\" content=\"summary_large_image\" \/>\n<meta name=\"twitter:label1\" content=\"Est. reading time\" \/>\n\t<meta name=\"twitter:data1\" content=\"5 minutes\" \/>\n<script type=\"application\/ld+json\" class=\"yoast-schema-graph\">{\"@context\":\"https:\\\/\\\/schema.org\",\"@graph\":[{\"@type\":\"WebPage\",\"@id\":\"https:\\\/\\\/www.zenk.com\\\/en\\\/impressum\\\/\",\"url\":\"https:\\\/\\\/www.zenk.com\\\/en\\\/impressum\\\/\",\"name\":\"Impressum - ZENK Rechtsanw\u00e4lte Partnerschaft mbB\",\"isPartOf\":{\"@id\":\"https:\\\/\\\/www.zenk.com\\\/en\\\/#website\"},\"datePublished\":\"2018-02-12T11:06:58+00:00\",\"dateModified\":\"2025-11-27T15:13:18+00:00\",\"breadcrumb\":{\"@id\":\"https:\\\/\\\/www.zenk.com\\\/en\\\/impressum\\\/#breadcrumb\"},\"inLanguage\":\"en-US\",\"potentialAction\":[{\"@type\":\"ReadAction\",\"target\":[\"https:\\\/\\\/www.zenk.com\\\/en\\\/impressum\\\/\"]}]},{\"@type\":\"BreadcrumbList\",\"@id\":\"https:\\\/\\\/www.zenk.com\\\/en\\\/impressum\\\/#breadcrumb\",\"itemListElement\":[{\"@type\":\"ListItem\",\"position\":1,\"name\":\"Startseite\",\"item\":\"https:\\\/\\\/www.zenk.com\\\/en\\\/\"},{\"@type\":\"ListItem\",\"position\":2,\"name\":\"Impressum\"}]},{\"@type\":\"WebSite\",\"@id\":\"https:\\\/\\\/www.zenk.com\\\/en\\\/#website\",\"url\":\"https:\\\/\\\/www.zenk.com\\\/en\\\/\",\"name\":\"ZENK Rechtsanw\u00e4lte Partnerschaft mbB\",\"description\":\"Wirtschaftskanzlei in Hamburg und Berlin\",\"potentialAction\":[{\"@type\":\"SearchAction\",\"target\":{\"@type\":\"EntryPoint\",\"urlTemplate\":\"https:\\\/\\\/www.zenk.com\\\/en\\\/?s={search_term_string}\"},\"query-input\":{\"@type\":\"PropertyValueSpecification\",\"valueRequired\":true,\"valueName\":\"search_term_string\"}}],\"inLanguage\":\"en-US\"}]}<\/script>\n<!-- \/ Yoast SEO plugin. -->","yoast_head_json":{"title":"Impressum - ZENK Rechtsanw\u00e4lte Partnerschaft mbB","robots":{"index":"index","follow":"follow","max-snippet":"max-snippet:-1","max-image-preview":"max-image-preview:large","max-video-preview":"max-video-preview:-1"},"canonical":"https:\/\/www.zenk.com\/en\/impressum\/","og_locale":"en_US","og_type":"article","og_title":"Impressum - ZENK Rechtsanw\u00e4lte Partnerschaft mbB","og_description":"[vc_row][vc_column css=&#8221;.vc_custom_1413981247733{padding-right: 15% !important;padding-left: 15% !important;}&#8221;][vc_column_text css=&#8221;&#8221;]LINK ZUR DATENSCHUTZERKL\u00c4RUNG ZENK Rechtsanw\u00e4lte Partnerschaft mbB Die Partnerschaft ist eingetragen im Partnerschaftsregister des Amtsgerichts Charlottenburg unter PR 972 B, Sitz der Gesellschaft ist Berlin. Die Gesellschaft wird vertreten durch die Partner der Partnerschaftsgesellschaft. F\u00fcr die Bearbeitung der Mandate, gerichtlich und au\u00dfergerichtlich, ist jeder Anwalt einzeln vertretungsberechtigt. Partner bei [&hellip;]","og_url":"https:\/\/www.zenk.com\/en\/impressum\/","og_site_name":"ZENK Rechtsanw\u00e4lte Partnerschaft mbB","article_modified_time":"2025-11-27T15:13:18+00:00","twitter_card":"summary_large_image","twitter_misc":{"Est. reading time":"5 minutes"},"schema":{"@context":"https:\/\/schema.org","@graph":[{"@type":"WebPage","@id":"https:\/\/www.zenk.com\/en\/impressum\/","url":"https:\/\/www.zenk.com\/en\/impressum\/","name":"Impressum - ZENK Rechtsanw\u00e4lte Partnerschaft mbB","isPartOf":{"@id":"https:\/\/www.zenk.com\/en\/#website"},"datePublished":"2018-02-12T11:06:58+00:00","dateModified":"2025-11-27T15:13:18+00:00","breadcrumb":{"@id":"https:\/\/www.zenk.com\/en\/impressum\/#breadcrumb"},"inLanguage":"en-US","potentialAction":[{"@type":"ReadAction","target":["https:\/\/www.zenk.com\/en\/impressum\/"]}]},{"@type":"BreadcrumbList","@id":"https:\/\/www.zenk.com\/en\/impressum\/#breadcrumb","itemListElement":[{"@type":"ListItem","position":1,"name":"Startseite","item":"https:\/\/www.zenk.com\/en\/"},{"@type":"ListItem","position":2,"name":"Impressum"}]},{"@type":"WebSite","@id":"https:\/\/www.zenk.com\/en\/#website","url":"https:\/\/www.zenk.com\/en\/","name":"ZENK Rechtsanw\u00e4lte Partnerschaft mbB","description":"Wirtschaftskanzlei in Hamburg und Berlin","potentialAction":[{"@type":"SearchAction","target":{"@type":"EntryPoint","urlTemplate":"https:\/\/www.zenk.com\/en\/?s={search_term_string}"},"query-input":{"@type":"PropertyValueSpecification","valueRequired":true,"valueName":"search_term_string"}}],"inLanguage":"en-US"}]}},"_links":{"self":[{"href":"https:\/\/www.zenk.com\/en\/wp-json\/wp\/v2\/pages\/10110","targetHints":{"allow":["GET"]}}],"collection":[{"href":"https:\/\/www.zenk.com\/en\/wp-json\/wp\/v2\/pages"}],"about":[{"href":"https:\/\/www.zenk.com\/en\/wp-json\/wp\/v2\/types\/page"}],"author":[{"embeddable":true,"href":"https:\/\/www.zenk.com\/en\/wp-json\/wp\/v2\/users\/3"}],"replies":[{"embeddable":true,"href":"https:\/\/www.zenk.com\/en\/wp-json\/wp\/v2\/comments?post=10110"}],"version-history":[{"count":34,"href":"https:\/\/www.zenk.com\/en\/wp-json\/wp\/v2\/pages\/10110\/revisions"}],"predecessor-version":[{"id":22797,"href":"https:\/\/www.zenk.com\/en\/wp-json\/wp\/v2\/pages\/10110\/revisions\/22797"}],"wp:attachment":[{"href":"https:\/\/www.zenk.com\/en\/wp-json\/wp\/v2\/media?parent=10110"}],"curies":[{"name":"wp","href":"https:\/\/api.w.org\/{rel}","templated":true}]}}