{"id":9996,"date":"2019-06-18T11:43:16","date_gmt":"2019-06-18T09:43:16","guid":{"rendered":"https:\/\/www.zenk.com\/?page_id=9996"},"modified":"2019-06-18T11:43:59","modified_gmt":"2019-06-18T09:43:59","slug":"zenk-seminare","status":"publish","type":"page","link":"https:\/\/www.zenk.com\/en\/zenk-seminare\/","title":{"rendered":"ZENK Seminare"},"content":{"rendered":"<div class=\"wpb-content-wrapper\"><p>[vc_row section_type=&#8221;in-container&#8221; margin_bottom=&#8221;60&#8243;][vc_column width=&#8221;2\/3&#8243;]<div class=\"grve-element grve-slogan grve-align-left\" style=\"\"><h1 class=\"grve-slogan-title grve-align-left grve-title-line\"><span>ZENK Seminare<\/span><\/h1>  <p class=\"\"><\/p><\/div>[vc_column_text css=&#8221;.vc_custom_1557404314577{margin-bottom: 80px !important;}&#8221;]<\/p>\n<h5>Regelm\u00e4\u00dfig f\u00fchren wir unsere ZENK Seminare zu den verschiedenen Rechtsgebieten durch &#8211;<br \/>\nf\u00fcr Mandanten und f\u00fcr Interessierte, die es werden m\u00f6chten.<\/h5>\n<p>[\/vc_column_text]<div class=\"grve-element grve-align-left\"><a class=\"grve-btn grve-btn-medium grve-square grve-bg-primary-1\" href=\"#\" target=\"_self\" style=\"\"><span>Informieren Sie mich \u00fcber Ihre Seminare<\/span><\/a><\/div>[\/vc_column][vc_column width=&#8221;1\/3&#8243;][\/vc_column][\/vc_row][vc_row padding_top=&#8221;80&#8243;][vc_column]<div class=\"grve-element grve-slogan grve-align-left\" style=\"\"><h3 class=\"grve-slogan-title grve-align-left grve-title-line\"><span>Seminararchiv<\/span><\/h3>  <p class=\"\"><\/p><\/div>[vc_column_text]<\/p>\n<h5>\n<table id=\"tablepress-6\" class=\"tablepress tablepress-id-6\">\n<thead>\n<tr class=\"row-1\">\n\t<th class=\"column-1\">ZENK Seminar<\/th><th class=\"column-2\">Thema<\/th>\n<\/tr>\n<\/thead>\n<tbody class=\"row-hover\">\n<tr class=\"row-2\">\n\t<td class=\"column-1\">Lebensmittelrecht | 8. August 2019<\/td><td class=\"column-2\"><strong><em><a href=\"https:\/\/www.zenk.com\/kompetenzen\/startups\/#workshop-health\" rel=\"noopener\" target=\"_blank\">Workshop Health &amp; Nutrition Claims | Was geht, was nicht?<\/a><\/strong><\/em><br \/>\n<br \/>\nKaum etwas ist f\u00fcr Startups so attraktiv wie Werbeaussagen, die sich rund um Vitamine, Mineralstoffe und positive Auswirkungen ihres Produktes auf die Gesundheit drehen. Die Werbung mit N\u00e4hrwert- und Gesundheitsclaims ist aber ein rechtliches Minenfeld und wir erleben es st\u00e4ndig, dass Startups rechtliche Probleme bekommen, weil sie die strengen Vorgaben nicht kennen oder nicht richtig umsetzen. In diesem Workshop geben wir Ihnen viele praktische Tipps und Formulierungsvorschl\u00e4ge zu:<br \/>\n<ul><br \/>\n  <li>Basics: Was sind \u00fcberhaupt Health &amp; Nutrition Claims und warum sind so viele von ihnen unzul\u00e4ssig?<\/li><li>Claims erkennen: Wo liegt die Grenze zwischen zul\u00e4ssigem Lifestyle-Claim und ggf. unzul\u00e4ssigem Health Claim?<\/li><li>Nutrition Claims wie \u201ezuckerarm\u201c, \u201eleicht\u201c, \u201elow carb\u201c, \u201echolesterinfrei\u201c, \u201ehigh protein\u201c, \u201eno trans fats\u201c etc. \u2013 Welche darf ich verwenden und welche nicht?<br \/>\n<\/li><li>Health Claims: allgemein, spezifisch, Liste zugelassener Claims, risk reduction Claims \u2013 Was bedeutet das alles und welche Claims darf ich nutzen?<\/li><li>Zwingende Pflichtangaben bei der Nutzung von Health Claims Krankheitsclaims \u2013 immer verboten?<\/li><br \/>\n<\/ul><\/td>\n<\/tr>\n<tr class=\"row-3\">\n\t<td class=\"column-1\">Lebensmittelrecht | 10. Juli 2019<\/td><td class=\"column-2\"><strong><em><a href=\"https:\/\/www.zenk.com\/kompetenzen\/startups\/#workshop-werbung\" rel=\"noopener\" target=\"_blank\">Workshop Werbung | Was darf drauf?<\/a><\/strong><\/em><br \/>\n<br \/>\nIn kaum einem Bereich gibt es so viele Werbeverbote wie im Lebensmittelrecht. In diesem Workshop zeigen wir Ihnen anhand von Werbebeispielen aus der Praxis, wie Sie mit den folgenden Claims werben k\u00f6nnen, ohne dass eine Abmahnung, einstweilige Verf\u00fcgung oder eine beh\u00f6rdliche Beanstandung drohen:<br \/>\n<ul><br \/>\n  <li>Werbung mit \u201a\u201cvegan\u201c und \u201evegetarisch\u201c f\u00fcr Fleisch- und Milchersatzprodukte<\/li><li>Natur\/Nat\u00fcrlichkeit<\/li><li>\u201enat\u00fcrliche Aromen\u201c und \u201enat\u00fcrliche Farbstoffe\u201c<\/li><li>Frische-Claims<\/li><li>Clean Labelling, z. B. \u201eohne Geschmacksverst\u00e4rker\u201c, \u201eohne Konservierungsstoffe\u201c<\/li><li>Hinweise auf Regionalit\u00e4t oder bestimmte Herkunft Nachhaltigkeit\/Umweltfreundlichkeit von Produkt bzw. Verpackung \u201eohne Gentechnik\u201c<\/li><br \/>\n<\/ul><\/td>\n<\/tr>\n<tr class=\"row-4\">\n\t<td class=\"column-1\">Lebensmittelrecht | 27. Juni 2019 <\/td><td class=\"column-2\"><strong><em><a href=\"https:\/\/www.zenk.com\/kompetenzen\/startups\/#workshop-pflichtkennzeichnung\" rel=\"noopener\" target=\"_blank\">Workshop Pflichtkennzeichnung | Was muss drauf?<\/a><\/strong><\/em><br \/>\n<br \/>\nDieser Workshop behandelt Beispiele echter Etiketten, deckt Kennzeichnungsfehler auf und zeigt Ihnen, wie man sie vermeidet. Sie erhalten eine Anleitung, wie rechtliche Vorgaben sowohl auf Etiketten als auch im Onlineshop umgesetzt werden m\u00fcssen, um Probleme zu vermeiden. <br \/>\nDer Workshop beantwortet die wesentlichen Fragen zur Pflichtkennzeichnung:<br \/>\n<ul><br \/>\n  <li>die korrekte Bezeichnung des Lebensmittels finden<\/li><li>die Angaben im Zutatenverzeichnis formulieren<\/li><li>N\u00e4hrwerte deklarieren<\/li><li>Zusatzstoffe, Aromen, Allergene und Spuren richtig kennzeichnen<\/li><li>QUID Kennzeichnung<\/li><li>Notwendigkeit von Warnhinweisen<\/li><li>F\u00fcllmengen kennzeichnen<\/li><li>Schriftgr\u00f6\u00dfe und andere Formvorschriften beachten<\/li><li>Bedeutung der Leits\u00e4tze und ALS\/ALTS Stellungnahmen<\/li><li>die Pflichtangaben im Onlineshop umsetzen<\/li><br \/>\n<\/ul><\/td>\n<\/tr>\n<tr class=\"row-5\">\n\t<td class=\"column-1\">Lebensmittelrecht | 13. Juni 2019<\/td><td class=\"column-2\"><strong><em><a href=\"https:\/\/www.zenk.com\/kompetenzen\/startups\/#workshop-startup\" rel=\"noopener\" target=\"_blank\">Workshop \u201eStarting up correctly\u201c | Was Sie bei einer Gr\u00fcndung rechtlich beachten m\u00fcssen!<\/a><\/strong><\/em><br \/>\n<br \/>\nDieser Workshop dreht sich um wesentliche rechtliche Fragen, die Sie sich als Gr\u00fcnder stellen sollten. Wir geben Ihnen eine \u201eFirst-Aid Guidance\u201c mit Antworten, L\u00f6sungen und Vertragsentw\u00fcrfen f\u00fcr die dr\u00e4ngendsten Fragen:<br \/>\n<ul><br \/>\n  <li>Welche Gesellschaftsform ist die beste f\u00fcr mein Projekt? Wir beleuchten die Vor- und Nachteile verschiedener Gesellschaftsformen.<\/li><li>Welche Haftungsrisiken habe ich als Gr\u00fcnder und Gesch\u00e4ftsf\u00fchrer?<\/li><li>Der erste Gesellschaftsvertrag \u2013 worauf muss ich achten?<\/li><li>Was tun bei Konflikten zwischen Gr\u00fcndern und Investoren?<\/li><li>Die wichtigsten Dokumente f\u00fcr Gr\u00fcnder: Berater-, Arbeits-, Darlehensvertr\u00e4ge, Geheimhaltungsvereinbarungen, etc.<\/li><li>Grundlagen im Marken-\/Domainrecht: Was macht Sinn?<\/li><li>Was ist notwendig? Was kann man sich (erst einmal) sparen?<\/li><br \/>\n<\/ul><\/td>\n<\/tr>\n<tr class=\"row-6\">\n\t<td class=\"column-1\"><div class=\"seminare-vergangenheit\">Lebensmittelrecht  | 11. April 2019  | Update Lebensmittelrecht - aktuelle Entwicklungen<br \/>\n<\/div><\/td><td class=\"column-2\"><div class=\"seminare-vergangenheit\"><a href=\"https:\/\/www.zenk.com\/wp-content\/uploads\/2019\/05\/20190411-LmR-Mandantenseminar-11Apr2019.pdf\" target=\"_blank\"><strong><em>Aktuelle Urteile zur Kennzeichnung und Bewerbung von Lebensmitteln<\/em><\/strong><\/a><br \/>\n<br \/>\nDie neuen Vorgaben zur Herkunftskennzeichnung prim\u00e4rer Zutaten \u2013 Wof\u00fcr gelten sie? Wie setzt man sie um?<br \/>\nDie neue EU-\u00d6ko-Verordnung \u2013 \u00dcberblick und aktuelle Problemfelder<br \/>\nDie Auferstehung des Internetprangers \u2013 Wie lassen sich Ver\u00f6ffentlichungen nach \u00a7 40 Ia LFGB und 'Top Secret' verhindern?<br \/>\nNeueste Entwicklungen zu Veggie und Vegan \u2013 Was \u00e4ndert sich durch den neuen Leitsatz?<br \/>\n\u00dcberblick \u00fcber die relevantesten aktuellen ALS-\/ALTS-Beschl\u00fcsse zur Kennzeichnung<br \/>\nUpdate Health-ClaimsVO \u2013 Entwicklungen und Rechtsprechung 2018\/2019<br \/>\nBrexit \u2013 Was m\u00fcssen Sie als Lebensmittelunternehmer jetzt beachten?<br \/>\n<\/div><\/td>\n<\/tr>\n<tr class=\"row-7\">\n\t<td class=\"column-1\"><div class=\"seminare-vergangenheit\">Lebensmittelrecht  | 21. Februar 2019 | Seminar Verpackungsrecht<br \/>\n<\/div><\/td><td class=\"column-2\"><div class=\"seminare-vergangenheit\"><a href=\"https:\/\/www.zenk.com\/wp-content\/uploads\/2019\/05\/Seminar-Verpackungsrecht-21.02.2019.pdf\" target=\"_blank\"><strong><em>Herausforderungen bei Systembeteiligungspflicht, Registrierungspflicht und Pfand<\/em><\/strong><\/a><br \/>\n<br \/>\nEinf\u00fchrung in das neue Verpackungsgesetz: Gr\u00fcnde f\u00fcr Novellierung\/Bisherige Erfahrungen\/Allgemeine Pflichten<br \/>\nDie Registrierungspflicht bei der gemeinsamen Stelle: Wer ist betroffen?\/Was sind systembeteiligungspflichtige Verpackungen?\/Was muss ich tun? (Systembeteiligung, Registrierung, Datenmeldepflichten etc.)<br \/>\nAnforderungen an Pfanderhebung und Pfandkennzeichnung: Welche Getr\u00e4nkeverpackungen sind pfandpflichtig?\/Gibt es Ausnahmen von der Pfandpflicht?\/Welche Pflichten bestehen f\u00fcr Einweg- und Mehrweggetr\u00e4nkeverpackungen?\/Anforderungen an die Pfandkennzeichnung<br \/>\nWorkshop: \u201eBewertung von Verpackungen im Hinblick auf die Regelungen des neuen Verpackungsgesetzes\u201c in Kleingruppen mit anschlie\u00dfender Diskussion<br \/>\n<\/div><\/td>\n<\/tr>\n<tr class=\"row-8\">\n\t<td class=\"column-1\"><div class=\"seminare-vergangenheit\">Lebensmittelrecht  | 24. Oktober 2018 | Seminar Herkunftskennzeichnung<br \/>\n<\/div><\/td><td class=\"column-2\"><div class=\"seminare-vergangenheit\"><a href=\"https:\/\/www.zenk.com\/wp-content\/uploads\/2019\/05\/LmR-Seminar-Herkunftskennzeichnung-24Okt18.pdf\" target=\"_blank\"><strong><em>Verpflichtende Herkunftsangaben f\u00fcr spezifische Lebensmittel:<\/em><\/strong><\/a> \u00dcberblick \u00fcber die Pflichtangaben f\u00fcr Fleisch, Fisch, Obst &amp; Gem\u00fcse etc., Stand der Ausweitung der verpflichtenden Herkunftsangaben auf weitere Produktkategorien wie Milchprodukte, Fleisch als Zutat, unverarbeitete Lebensmittel<br \/>\n<br \/>\nAktuelle Entwicklungen zu g.g.A. und g.U. :Champagner-Sorbet, Aceto Balsamico, Glen Whiskey &amp; Co. - Die wichtigsten Urteile und ihre Bedeutung f\u00fcr die Anlehnung an gesch\u00fctzte Bezeichnungen<br \/>\nDas Irref\u00fchrungsverbot bei Herkunftsangaben: Wie vermeidet man eine T\u00e4uschung bei Anspielungen auf eine bestimmte Herkunft? Praxisrelevante aktuelle Entscheidungen zu Alpenbauer, Heidehonig, Kulturchampignons etc.<br \/>\nWorkshop \u201eBewertung von Produktaufmachungen mit Herkunftsangaben\u201c in Kleingruppen mit anschlie\u00dfender Diskussion<br \/>\nNeue Vorgaben zur Kennzeichnung prim\u00e4rer Zutaten - VO (EU) 2018\/775: Welche neuen Kennzeichnungspflichten bringt die Verordnung? Welche \u00dcbergangsfristen gelten? Wie setzt man die neuen Vorgaben richtig um? Welche M\u00f6glichkeiten gibt es, die neuen Vorgaben zu vermeiden?<br \/>\nWorkshop \u201eUmsetzung der neuen Kennzeichnung prim\u00e4rer Zutaten anhand konkreter Produktaufmachungen\u201c in Kleingruppen mit anschlie\u00dfender Diskussion<br \/>\n<\/div><\/td>\n<\/tr>\n<tr class=\"row-9\">\n\t<td class=\"column-1\"><div class=\"seminare-vergangenheit\">Lebensmittelrecht  | 16.April 2018  | Update Lebensmittelrecht - aktuelle Entwicklungen<br \/>\n<\/div><\/td><td class=\"column-2\"><div class=\"seminare-vergangenheit\"><a href=\"https:\/\/www.zenk.com\/wp-content\/uploads\/2019\/05\/LmR-Seminar-16Apr2018.pdf\" target=\"_blank\"><strong><em>Aktuelle Urteile zur Kennzeichnung und Bewerbung von Lebensmitteln<\/em><\/strong><\/a><br \/>\n<br \/>\nDie neuen Vorgaben der EU: Kontrollverordnung in der praktischen Umsetzung<br \/>\nUpdate Health-ClaimsVO: Entwicklungen und Rechtsprechung 2017\/2018<br \/>\nDamit Krisen nicht zur Katastrophe werden: Krisenpr\u00e4vention und -kommunikation in der Ern\u00e4hrungsbranche<br \/>\nNeueste Entwicklungen zu Veggie und Vegan: Stand Leitsatzentwurf und neue Vorgaben zur Kennzeichnung<br \/>\nNeues Datenschutzrecht 2018: Handlungsbedarf f\u00fcr Unternehmen bei Gewinnspielen und anderen Marketing-Tools!<br \/>\nAktuelle ALS-Stellungsnahmen und ihre Bedeutung f\u00fcr die Praxis<br \/>\nFood Fraud: Was ist f\u00fcr die Unternehmen zu tun?<br \/>\n<\/div><\/td>\n<\/tr>\n<tr class=\"row-10\">\n\t<td class=\"column-1\"><div class=\"seminare-vergangenheit\">Lebensmittelrecht | 8. Juni 2017<\/div><\/td><td class=\"column-2\"><div class=\"seminare-vergangenheit\"><em><strong><a href=\"https:\/\/www.zenk.com\/wp-content\/uploads\/2019\/05\/Seminar-Update-LmR-8Jun17_.pdf\" target=\"_blank\" >Update Lebensmittelrecht \u2013 Aktuelle Entwicklungen<\/a><\/strong><\/em><br \/>\n<br \/>\nAktuelle Urteile zur Kennzeichnung und Bewerbung von Lebensmitteln<br \/>\nAusweitung der Geb\u00fchren f\u00fcr Lebensmittelkontrollen \u2013 Aktuelle Diskussion und erste Urteile<br \/>\nUpdate Health-ClaimsVO \u2013 Entwicklungen und Rechtsprechung 2016\/2017<br \/>\nLebensmittelrechtliche Verantwortung \u2013 Verantwortlichkeit des Unternehmers, des  gesetzlichen Vertreters und des Beauftragten<br \/>\nVeggie und Vegan \u2013 Definitionen und praktische Anwendung<br \/>\nReform des Di\u00e4trechts \u2013 Die neuen Lebensmittel f\u00fcr spezielle Verbrauchergruppen<br \/>\nHerkunft und Regionalit\u00e4t \u2013 Neue nationale Regelungen und Sachstand in Br\u00fcssel<br \/>\nMehr Transparenz \u2013 Das Kontrollergebnis-Transparenz-Gesetz NRW (KTG) und weitere<br \/>\nVorhaben<br \/>\n<\/div><\/td>\n<\/tr>\n<\/tbody>\n<\/table>\n<!-- #tablepress-6 from cache --><\/h5>\n<p>[\/vc_column_text][\/vc_column][\/vc_row]<\/p>\n<\/div>","protected":false},"excerpt":{"rendered":"<p>[vc_row section_type=&#8221;in-container&#8221; margin_bottom=&#8221;60&#8243;][vc_column width=&#8221;2\/3&#8243;][vc_column_text css=&#8221;.vc_custom_1557404314577{margin-bottom: 80px !important;}&#8221;] Regelm\u00e4\u00dfig f\u00fchren wir unsere ZENK Seminare zu den verschiedenen Rechtsgebieten durch &#8211; f\u00fcr Mandanten und f\u00fcr Interessierte, die es werden m\u00f6chten. [\/vc_column_text][\/vc_column][vc_column width=&#8221;1\/3&#8243;][\/vc_column][\/vc_row][vc_row padding_top=&#8221;80&#8243;][vc_column][vc_column_text] [\/vc_column_text][\/vc_column][\/vc_row]<\/p>\n","protected":false},"author":3,"featured_media":0,"parent":0,"menu_order":0,"comment_status":"closed","ping_status":"closed","template":"","meta":{"footnotes":""},"class_list":["post-9996","page","type-page","status-publish","hentry"],"yoast_head":"<!-- This site is optimized with the Yoast SEO plugin v27.5 - https:\/\/yoast.com\/product\/yoast-seo-wordpress\/ -->\n<title>ZENK Seminare - ZENK Rechtsanw\u00e4lte Partnerschaft mbB<\/title>\n<meta name=\"robots\" content=\"index, follow, max-snippet:-1, max-image-preview:large, max-video-preview:-1\" \/>\n<link rel=\"canonical\" href=\"https:\/\/www.zenk.com\/en\/zenk-seminare\/\" \/>\n<meta property=\"og:locale\" content=\"en_US\" \/>\n<meta property=\"og:type\" content=\"article\" \/>\n<meta property=\"og:title\" content=\"ZENK Seminare - ZENK Rechtsanw\u00e4lte Partnerschaft mbB\" \/>\n<meta property=\"og:description\" content=\"[vc_row section_type=&#8221;in-container&#8221; margin_bottom=&#8221;60&#8243;][vc_column width=&#8221;2\/3&#8243;][vc_column_text css=&#8221;.vc_custom_1557404314577{margin-bottom: 80px !important;}&#8221;] Regelm\u00e4\u00dfig f\u00fchren wir unsere ZENK Seminare zu den verschiedenen Rechtsgebieten durch &#8211; f\u00fcr Mandanten und f\u00fcr Interessierte, die es werden m\u00f6chten. [\/vc_column_text][\/vc_column][vc_column width=&#8221;1\/3&#8243;][\/vc_column][\/vc_row][vc_row padding_top=&#8221;80&#8243;][vc_column][vc_column_text] [\/vc_column_text][\/vc_column][\/vc_row]\" \/>\n<meta property=\"og:url\" content=\"https:\/\/www.zenk.com\/en\/zenk-seminare\/\" \/>\n<meta property=\"og:site_name\" content=\"ZENK Rechtsanw\u00e4lte Partnerschaft mbB\" \/>\n<meta property=\"article:modified_time\" content=\"2019-06-18T09:43:59+00:00\" \/>\n<meta name=\"twitter:card\" content=\"summary_large_image\" \/>\n<meta name=\"twitter:label1\" content=\"Est. reading time\" \/>\n\t<meta name=\"twitter:data1\" content=\"1 minute\" \/>\n<script type=\"application\/ld+json\" class=\"yoast-schema-graph\">{\"@context\":\"https:\\\/\\\/schema.org\",\"@graph\":[{\"@type\":\"WebPage\",\"@id\":\"https:\\\/\\\/www.zenk.com\\\/en\\\/zenk-seminare\\\/\",\"url\":\"https:\\\/\\\/www.zenk.com\\\/en\\\/zenk-seminare\\\/\",\"name\":\"ZENK Seminare - ZENK Rechtsanw\u00e4lte Partnerschaft mbB\",\"isPartOf\":{\"@id\":\"https:\\\/\\\/www.zenk.com\\\/en\\\/#website\"},\"datePublished\":\"2019-06-18T09:43:16+00:00\",\"dateModified\":\"2019-06-18T09:43:59+00:00\",\"breadcrumb\":{\"@id\":\"https:\\\/\\\/www.zenk.com\\\/en\\\/zenk-seminare\\\/#breadcrumb\"},\"inLanguage\":\"en-US\",\"potentialAction\":[{\"@type\":\"ReadAction\",\"target\":[\"https:\\\/\\\/www.zenk.com\\\/en\\\/zenk-seminare\\\/\"]}]},{\"@type\":\"BreadcrumbList\",\"@id\":\"https:\\\/\\\/www.zenk.com\\\/en\\\/zenk-seminare\\\/#breadcrumb\",\"itemListElement\":[{\"@type\":\"ListItem\",\"position\":1,\"name\":\"Startseite\",\"item\":\"https:\\\/\\\/www.zenk.com\\\/en\\\/\"},{\"@type\":\"ListItem\",\"position\":2,\"name\":\"ZENK Seminare\"}]},{\"@type\":\"WebSite\",\"@id\":\"https:\\\/\\\/www.zenk.com\\\/en\\\/#website\",\"url\":\"https:\\\/\\\/www.zenk.com\\\/en\\\/\",\"name\":\"ZENK Rechtsanw\u00e4lte Partnerschaft mbB\",\"description\":\"Wirtschaftskanzlei in Hamburg und Berlin\",\"potentialAction\":[{\"@type\":\"SearchAction\",\"target\":{\"@type\":\"EntryPoint\",\"urlTemplate\":\"https:\\\/\\\/www.zenk.com\\\/en\\\/?s={search_term_string}\"},\"query-input\":{\"@type\":\"PropertyValueSpecification\",\"valueRequired\":true,\"valueName\":\"search_term_string\"}}],\"inLanguage\":\"en-US\"}]}<\/script>\n<!-- \/ Yoast SEO plugin. -->","yoast_head_json":{"title":"ZENK Seminare - ZENK Rechtsanw\u00e4lte Partnerschaft mbB","robots":{"index":"index","follow":"follow","max-snippet":"max-snippet:-1","max-image-preview":"max-image-preview:large","max-video-preview":"max-video-preview:-1"},"canonical":"https:\/\/www.zenk.com\/en\/zenk-seminare\/","og_locale":"en_US","og_type":"article","og_title":"ZENK Seminare - ZENK Rechtsanw\u00e4lte Partnerschaft mbB","og_description":"[vc_row section_type=&#8221;in-container&#8221; margin_bottom=&#8221;60&#8243;][vc_column width=&#8221;2\/3&#8243;][vc_column_text css=&#8221;.vc_custom_1557404314577{margin-bottom: 80px !important;}&#8221;] Regelm\u00e4\u00dfig f\u00fchren wir unsere ZENK Seminare zu den verschiedenen Rechtsgebieten durch &#8211; f\u00fcr Mandanten und f\u00fcr Interessierte, die es werden m\u00f6chten. [\/vc_column_text][\/vc_column][vc_column width=&#8221;1\/3&#8243;][\/vc_column][\/vc_row][vc_row padding_top=&#8221;80&#8243;][vc_column][vc_column_text] [\/vc_column_text][\/vc_column][\/vc_row]","og_url":"https:\/\/www.zenk.com\/en\/zenk-seminare\/","og_site_name":"ZENK Rechtsanw\u00e4lte Partnerschaft mbB","article_modified_time":"2019-06-18T09:43:59+00:00","twitter_card":"summary_large_image","twitter_misc":{"Est. reading time":"1 minute"},"schema":{"@context":"https:\/\/schema.org","@graph":[{"@type":"WebPage","@id":"https:\/\/www.zenk.com\/en\/zenk-seminare\/","url":"https:\/\/www.zenk.com\/en\/zenk-seminare\/","name":"ZENK Seminare - ZENK Rechtsanw\u00e4lte Partnerschaft mbB","isPartOf":{"@id":"https:\/\/www.zenk.com\/en\/#website"},"datePublished":"2019-06-18T09:43:16+00:00","dateModified":"2019-06-18T09:43:59+00:00","breadcrumb":{"@id":"https:\/\/www.zenk.com\/en\/zenk-seminare\/#breadcrumb"},"inLanguage":"en-US","potentialAction":[{"@type":"ReadAction","target":["https:\/\/www.zenk.com\/en\/zenk-seminare\/"]}]},{"@type":"BreadcrumbList","@id":"https:\/\/www.zenk.com\/en\/zenk-seminare\/#breadcrumb","itemListElement":[{"@type":"ListItem","position":1,"name":"Startseite","item":"https:\/\/www.zenk.com\/en\/"},{"@type":"ListItem","position":2,"name":"ZENK Seminare"}]},{"@type":"WebSite","@id":"https:\/\/www.zenk.com\/en\/#website","url":"https:\/\/www.zenk.com\/en\/","name":"ZENK Rechtsanw\u00e4lte Partnerschaft mbB","description":"Wirtschaftskanzlei in Hamburg und Berlin","potentialAction":[{"@type":"SearchAction","target":{"@type":"EntryPoint","urlTemplate":"https:\/\/www.zenk.com\/en\/?s={search_term_string}"},"query-input":{"@type":"PropertyValueSpecification","valueRequired":true,"valueName":"search_term_string"}}],"inLanguage":"en-US"}]}},"_links":{"self":[{"href":"https:\/\/www.zenk.com\/en\/wp-json\/wp\/v2\/pages\/9996","targetHints":{"allow":["GET"]}}],"collection":[{"href":"https:\/\/www.zenk.com\/en\/wp-json\/wp\/v2\/pages"}],"about":[{"href":"https:\/\/www.zenk.com\/en\/wp-json\/wp\/v2\/types\/page"}],"author":[{"embeddable":true,"href":"https:\/\/www.zenk.com\/en\/wp-json\/wp\/v2\/users\/3"}],"replies":[{"embeddable":true,"href":"https:\/\/www.zenk.com\/en\/wp-json\/wp\/v2\/comments?post=9996"}],"version-history":[{"count":5,"href":"https:\/\/www.zenk.com\/en\/wp-json\/wp\/v2\/pages\/9996\/revisions"}],"predecessor-version":[{"id":10001,"href":"https:\/\/www.zenk.com\/en\/wp-json\/wp\/v2\/pages\/9996\/revisions\/10001"}],"wp:attachment":[{"href":"https:\/\/www.zenk.com\/en\/wp-json\/wp\/v2\/media?parent=9996"}],"curies":[{"name":"wp","href":"https:\/\/api.w.org\/{rel}","templated":true}]}}